{"id":36,"date":"2025-02-06T15:24:45","date_gmt":"2025-02-06T15:24:45","guid":{"rendered":"https:\/\/b-recette.be\/a-propos-de-nous\/"},"modified":"2025-02-06T21:01:42","modified_gmt":"2025-02-06T21:01:42","slug":"a-propos-de-nous","status":"publish","type":"page","link":"https:\/\/b-recette.be\/ro\/a-propos-de-nous\/","title":{"rendered":"Despre noi"},"content":{"rendered":"<p>\u00cembr\u0103c\u0103mintea este mult mai mult dec\u00e2t o simpl\u0103 \u021bes\u0103tur\u0103: este o modalitate de a te exprima, de a-\u021bi afirma identitatea \u0219i de a spune o poveste. Pe blogul nostru, \u00eemp\u0103rt\u0103\u0219im cu voi cele mai recente tendin\u021be, sfaturi practice \u0219i inspira\u021bie pentru a crea un stil care vi se potrive\u0219te.<\/p>\n<p><img loading=\"lazy\" decoding=\"async\" class=\"aligncenter wp-image-35 size-full\" src=\"https:\/\/b-recette.be\/wp-content\/uploads\/2025\/02\/zhenshhina-s-chashkoj-chaya-chitaet-zhurnal.jpg\" alt=\"\" width=\"612\" height=\"344\" srcset=\"https:\/\/b-recette.be\/wp-content\/uploads\/2025\/02\/zhenshhina-s-chashkoj-chaya-chitaet-zhurnal.jpg 612w, https:\/\/b-recette.be\/wp-content\/uploads\/2025\/02\/zhenshhina-s-chashkoj-chaya-chitaet-zhurnal-300x169.jpg 300w\" sizes=\"auto, (max-width: 612px) 100vw, 612px\" \/><\/p>\n<h2>Ce ve\u021bi g\u0103si pe blogul nostru<\/h2>\n<ul>\n<li>Descifrarea tendin\u021belor actuale \u0219i emergente<\/li>\n<li>Sfaturi pentru crearea unor \u021binute armonioase<\/li>\n<li>Anatomia materialelor \u0219i t\u0103ieturile esen\u021biale<\/li>\n<li>Concentra\u021bi-v\u0103 pe creatori \u0219i branduri influente<\/li>\n<li>Sfaturi pentru un stil unic care se potrive\u0219te personalit\u0103\u021bii tale<\/li>\n<\/ul>\n<h2>Un ghid zilnic de mod\u0103<\/h2>\n<p>Indiferent dac\u0103 e\u0219ti fan al \u0219icului atemporal, al unui look relaxat sau al tendin\u021belor \u00eendr\u0103zne\u021be, blogul nostru este aici pentru a te inspira \u0219i a te ajuta s\u0103 transformi moda \u00eentr-o adev\u0103rat\u0103 art\u0103 de a tr\u0103i.<\/p>","protected":false},"excerpt":{"rendered":"<p>Le v\u00eatement est bien plus qu\u2019un simple tissu : c\u2019est une mani\u00e8re de s\u2019exprimer, d\u2019affirmer son identit\u00e9 et de raconter [&hellip;]<\/p>","protected":false},"author":1,"featured_media":0,"parent":0,"menu_order":0,"comment_status":"closed","ping_status":"closed","template":"","meta":{"_acf_changed":false,"footnotes":""},"class_list":["post-36","page","type-page","status-publish","hentry"],"acf":[],"yoast_head":"<!-- This site is optimized with the Yoast SEO plugin v23.2 - https:\/\/yoast.com\/wordpress\/plugins\/seo\/ -->\n<title>\u00c0 propos de nous - b-recette.be<\/title>\n<meta name=\"description\" content=\"Explorez les derni\u00e8res tendances mode, conseils de style et inspirations pour affirmer votre look avec \u00e9l\u00e9gance et cr\u00e9ativit\u00e9.\" \/>\n<meta name=\"robots\" content=\"index, follow, max-snippet:-1, max-image-preview:large, max-video-preview:-1\" \/>\n<link rel=\"canonical\" href=\"https:\/\/b-recette.be\/ro\/a-propos-de-nous\/\" \/>\n<meta property=\"og:locale\" content=\"ro_RO\" \/>\n<meta property=\"og:type\" content=\"article\" \/>\n<meta property=\"og:title\" content=\"\u00c0 propos de nous - b-recette.be\" \/>\n<meta property=\"og:description\" content=\"Explorez les derni\u00e8res tendances mode, conseils de style et inspirations pour affirmer votre look avec \u00e9l\u00e9gance et cr\u00e9ativit\u00e9.\" \/>\n<meta property=\"og:url\" content=\"https:\/\/b-recette.be\/ro\/a-propos-de-nous\/\" \/>\n<meta property=\"og:site_name\" content=\"b-recette.be\" \/>\n<meta property=\"article:modified_time\" content=\"2025-02-06T21:01:42+00:00\" \/>\n<meta property=\"og:image\" content=\"https:\/\/b-recette.be\/wp-content\/uploads\/2025\/02\/zhenshhina-s-chashkoj-chaya-chitaet-zhurnal.jpg\" \/>\n<meta name=\"twitter:card\" content=\"summary_large_image\" \/>\n<meta name=\"twitter:label1\" content=\"Timp estimat pentru citire\" \/>\n\t<meta name=\"twitter:data1\" content=\"2 minute\" \/>\n<script type=\"application\/ld+json\" class=\"yoast-schema-graph\">{\"@context\":\"https:\/\/schema.org\",\"@graph\":[{\"@type\":\"WebPage\",\"@id\":\"https:\/\/b-recette.be\/a-propos-de-nous\/\",\"url\":\"https:\/\/b-recette.be\/a-propos-de-nous\/\",\"name\":\"\u00c0 propos de nous - b-recette.be\",\"isPartOf\":{\"@id\":\"https:\/\/b-recette.be\/#website\"},\"primaryImageOfPage\":{\"@id\":\"https:\/\/b-recette.be\/a-propos-de-nous\/#primaryimage\"},\"image\":{\"@id\":\"https:\/\/b-recette.be\/a-propos-de-nous\/#primaryimage\"},\"thumbnailUrl\":\"https:\/\/b-recette.be\/wp-content\/uploads\/2025\/02\/zhenshhina-s-chashkoj-chaya-chitaet-zhurnal.jpg\",\"datePublished\":\"2025-02-06T15:24:45+00:00\",\"dateModified\":\"2025-02-06T21:01:42+00:00\",\"description\":\"Explorez les derni\u00e8res tendances mode, conseils de style et inspirations pour affirmer votre look avec \u00e9l\u00e9gance et cr\u00e9ativit\u00e9.\",\"breadcrumb\":{\"@id\":\"https:\/\/b-recette.be\/a-propos-de-nous\/#breadcrumb\"},\"inLanguage\":\"ro-RO\",\"potentialAction\":[{\"@type\":\"ReadAction\",\"target\":[\"https:\/\/b-recette.be\/a-propos-de-nous\/\"]}]},{\"@type\":\"ImageObject\",\"inLanguage\":\"ro-RO\",\"@id\":\"https:\/\/b-recette.be\/a-propos-de-nous\/#primaryimage\",\"url\":\"https:\/\/b-recette.be\/wp-content\/uploads\/2025\/02\/zhenshhina-s-chashkoj-chaya-chitaet-zhurnal.jpg\",\"contentUrl\":\"https:\/\/b-recette.be\/wp-content\/uploads\/2025\/02\/zhenshhina-s-chashkoj-chaya-chitaet-zhurnal.jpg\"},{\"@type\":\"BreadcrumbList\",\"@id\":\"https:\/\/b-recette.be\/a-propos-de-nous\/#breadcrumb\",\"itemListElement\":[{\"@type\":\"ListItem\",\"position\":1,\"name\":\"Home\",\"item\":\"https:\/\/b-recette.be\/\"},{\"@type\":\"ListItem\",\"position\":2,\"name\":\"\u00c0 propos de nous\"}]},{\"@type\":\"WebSite\",\"@id\":\"https:\/\/b-recette.be\/#website\",\"url\":\"https:\/\/b-recette.be\/\",\"name\":\"b-recette.be\",\"description\":\"Mode: Inspirations et conseils pour affirmer votre style\",\"potentialAction\":[{\"@type\":\"SearchAction\",\"target\":{\"@type\":\"EntryPoint\",\"urlTemplate\":\"https:\/\/b-recette.be\/?s={search_term_string}\"},\"query-input\":\"required name=search_term_string\"}],\"inLanguage\":\"ro-RO\"}]}<\/script>\n<!-- \/ Yoast SEO plugin. -->","yoast_head_json":{"title":"\u00c0 propos de nous - b-recette.be","description":"Explorez les derni\u00e8res tendances mode, conseils de style et inspirations pour affirmer votre look avec \u00e9l\u00e9gance et cr\u00e9ativit\u00e9.","robots":{"index":"index","follow":"follow","max-snippet":"max-snippet:-1","max-image-preview":"max-image-preview:large","max-video-preview":"max-video-preview:-1"},"canonical":"https:\/\/b-recette.be\/ro\/a-propos-de-nous\/","og_locale":"ro_RO","og_type":"article","og_title":"\u00c0 propos de nous - b-recette.be","og_description":"Explorez les derni\u00e8res tendances mode, conseils de style et inspirations pour affirmer votre look avec \u00e9l\u00e9gance et cr\u00e9ativit\u00e9.","og_url":"https:\/\/b-recette.be\/ro\/a-propos-de-nous\/","og_site_name":"b-recette.be","article_modified_time":"2025-02-06T21:01:42+00:00","og_image":[{"url":"https:\/\/b-recette.be\/wp-content\/uploads\/2025\/02\/zhenshhina-s-chashkoj-chaya-chitaet-zhurnal.jpg"}],"twitter_card":"summary_large_image","twitter_misc":{"Timp estimat pentru citire":"2 minute"},"schema":{"@context":"https:\/\/schema.org","@graph":[{"@type":"WebPage","@id":"https:\/\/b-recette.be\/a-propos-de-nous\/","url":"https:\/\/b-recette.be\/a-propos-de-nous\/","name":"\u00c0 propos de nous - b-recette.be","isPartOf":{"@id":"https:\/\/b-recette.be\/#website"},"primaryImageOfPage":{"@id":"https:\/\/b-recette.be\/a-propos-de-nous\/#primaryimage"},"image":{"@id":"https:\/\/b-recette.be\/a-propos-de-nous\/#primaryimage"},"thumbnailUrl":"https:\/\/b-recette.be\/wp-content\/uploads\/2025\/02\/zhenshhina-s-chashkoj-chaya-chitaet-zhurnal.jpg","datePublished":"2025-02-06T15:24:45+00:00","dateModified":"2025-02-06T21:01:42+00:00","description":"Explorez les derni\u00e8res tendances mode, conseils de style et inspirations pour affirmer votre look avec \u00e9l\u00e9gance et cr\u00e9ativit\u00e9.","breadcrumb":{"@id":"https:\/\/b-recette.be\/a-propos-de-nous\/#breadcrumb"},"inLanguage":"ro-RO","potentialAction":[{"@type":"ReadAction","target":["https:\/\/b-recette.be\/a-propos-de-nous\/"]}]},{"@type":"ImageObject","inLanguage":"ro-RO","@id":"https:\/\/b-recette.be\/a-propos-de-nous\/#primaryimage","url":"https:\/\/b-recette.be\/wp-content\/uploads\/2025\/02\/zhenshhina-s-chashkoj-chaya-chitaet-zhurnal.jpg","contentUrl":"https:\/\/b-recette.be\/wp-content\/uploads\/2025\/02\/zhenshhina-s-chashkoj-chaya-chitaet-zhurnal.jpg"},{"@type":"BreadcrumbList","@id":"https:\/\/b-recette.be\/a-propos-de-nous\/#breadcrumb","itemListElement":[{"@type":"ListItem","position":1,"name":"Home","item":"https:\/\/b-recette.be\/"},{"@type":"ListItem","position":2,"name":"\u00c0 propos de nous"}]},{"@type":"WebSite","@id":"https:\/\/b-recette.be\/#website","url":"https:\/\/b-recette.be\/","name":"b-recette.be","description":"Mode: Inspirations et conseils pour affirmer votre style","potentialAction":[{"@type":"SearchAction","target":{"@type":"EntryPoint","urlTemplate":"https:\/\/b-recette.be\/?s={search_term_string}"},"query-input":"required name=search_term_string"}],"inLanguage":"ro-RO"}]}},"yoast_meta":{"yoast_wpseo_title":"","yoast_wpseo_metadesc":"","yoast_wpseo_canonical":"https:\/\/b-recette.be\/ro\/wp-json\/wp\/v2\/pages\/36"},"_links":{"self":[{"href":"https:\/\/b-recette.be\/ro\/wp-json\/wp\/v2\/pages\/36","targetHints":{"allow":["GET"]}}],"collection":[{"href":"https:\/\/b-recette.be\/ro\/wp-json\/wp\/v2\/pages"}],"about":[{"href":"https:\/\/b-recette.be\/ro\/wp-json\/wp\/v2\/types\/page"}],"author":[{"embeddable":true,"href":"https:\/\/b-recette.be\/ro\/wp-json\/wp\/v2\/users\/1"}],"replies":[{"embeddable":true,"href":"https:\/\/b-recette.be\/ro\/wp-json\/wp\/v2\/comments?post=36"}],"version-history":[{"count":1,"href":"https:\/\/b-recette.be\/ro\/wp-json\/wp\/v2\/pages\/36\/revisions"}],"predecessor-version":[{"id":45,"href":"https:\/\/b-recette.be\/ro\/wp-json\/wp\/v2\/pages\/36\/revisions\/45"}],"wp:attachment":[{"href":"https:\/\/b-recette.be\/ro\/wp-json\/wp\/v2\/media?parent=36"}],"curies":[{"name":"wp","href":"https:\/\/api.w.org\/{rel}","templated":true}]}}